{"id":1025,"date":"2016-08-25T10:15:52","date_gmt":"2016-08-25T10:15:52","guid":{"rendered":"http:\/\/ccaal.dfki.de\/wordpress\/home\/?page_id=1025"},"modified":"2018-05-22T15:12:25","modified_gmt":"2018-05-22T15:12:25","slug":"contact","status":"publish","type":"page","link":"https:\/\/ccaal.dfki.de\/de\/contact","title":{"rendered":"Kontakt"},"content":{"rendered":"<p><strong>Dr. Jan Alexandersson<\/strong><\/p>\n<p>Deutsches Forschungszentrum f\u00fcr K\u00fcnstliche Intelligenz, DFKI GmbH<br \/>\nIntelligent User Interfaces<\/p>\n<p>Geb\u00e4ude D3 1<br \/>\nStuhlsatzenhausweg 3<br \/>\nCampus D3 2<br \/>\nD-66123 Saarbruecken<\/p>\n<p>Telefon (Saarbr\u00fccken): +49 (0)681 \/ 857 75 -5347<br \/>\nHomepage: <a href=\"http:\/\/www.dfki.de\/~janal\/\">http:\/\/www.dfki.de\/~janal\/<\/a><\/p>\n","protected":false},"excerpt":{"rendered":"<p>Dr. Jan Alexandersson Deutsches Forschungszentrum f\u00fcr K\u00fcnstliche Intelligenz, DFKI GmbH Intelligent User Interfaces Geb\u00e4ude D3 1 Stuhlsatzenhausweg 3 Campus D3 2 D-66123 Saarbruecken Telefon (Saarbr\u00fccken): +49 (0)681 \/ 857 75&#8230; <a href=\"https:\/\/ccaal.dfki.de\/de\/contact\">Read more &raquo;<\/a><\/p>\n","protected":false},"author":5,"featured_media":0,"parent":0,"menu_order":0,"comment_status":"closed","ping_status":"closed","template":"","meta":{"footnotes":""},"class_list":["post-1025","page","type-page","status-publish","hentry"],"translation":{"provider":"WPGlobus","version":"3.0.2","language":"de","enabled_languages":["en","de"],"languages":{"en":{"title":true,"content":true,"excerpt":false},"de":{"title":true,"content":true,"excerpt":false}}},"_links":{"self":[{"href":"https:\/\/ccaal.dfki.de\/de\/wp-json\/wp\/v2\/pages\/1025","targetHints":{"allow":["GET"]}}],"collection":[{"href":"https:\/\/ccaal.dfki.de\/de\/wp-json\/wp\/v2\/pages"}],"about":[{"href":"https:\/\/ccaal.dfki.de\/de\/wp-json\/wp\/v2\/types\/page"}],"author":[{"embeddable":true,"href":"https:\/\/ccaal.dfki.de\/de\/wp-json\/wp\/v2\/users\/5"}],"replies":[{"embeddable":true,"href":"https:\/\/ccaal.dfki.de\/de\/wp-json\/wp\/v2\/comments?post=1025"}],"version-history":[{"count":15,"href":"https:\/\/ccaal.dfki.de\/de\/wp-json\/wp\/v2\/pages\/1025\/revisions"}],"predecessor-version":[{"id":3396,"href":"https:\/\/ccaal.dfki.de\/de\/wp-json\/wp\/v2\/pages\/1025\/revisions\/3396"}],"wp:attachment":[{"href":"https:\/\/ccaal.dfki.de\/de\/wp-json\/wp\/v2\/media?parent=1025"}],"curies":[{"name":"wp","href":"https:\/\/api.w.org\/{rel}","templated":true}]}}