{"id":1261,"date":"2016-08-31T11:56:09","date_gmt":"2016-08-31T11:56:09","guid":{"rendered":"http:\/\/ccaal.dfki.de\/wordpress\/home\/?page_id=1261"},"modified":"2016-10-21T09:29:27","modified_gmt":"2016-10-21T09:29:27","slug":"competences","status":"publish","type":"page","link":"https:\/\/ccaal.dfki.de\/de\/competences","title":{"rendered":"Kompetenzen"},"content":{"rendered":"<p style=\"text-align: justify;\"><strong>DFKI Forschungsbereich Agenten und Simulierte Realit\u00e4t (ASR)<\/strong><\/p>\n<p style=\"text-align: justify;\">Die Hauptkompetenzen des DFKI-Forschungsbereiches ASR (Agenten und Simulierte Realit\u00e4t) im AAL-Bereich sind die innovative Integration semantischer Webdienste, die Koordination von Dienstleistungen und intelligente Agenten-Technologien im Bereich der ambienten medizinischen Assistenz sowie Dienste und Anwendungen f\u00fcr ein unabh\u00e4ngiges Leben. Seit 2001 sind wir in eine Vielzahl von AAL-Aktivit\u00e4ten auf europ\u00e4ischer, nationaler und regionaler Ebene involviert. Dazu geh\u00f6ren auch die zum Gro\u00dfteil gef\u00f6rderten E-Health-Forschungsprojekte VITAL, CASCOM, SAID, VITAL und SCALLOPS sowie die regionale AAL-Serviceportal-Initiative SaarAAL. Als Beispiel f\u00fcr die in unserem Forschungsbereich entwickelte Software ist das Software-Paket des Gesundheitsprojektes SCALLOPS zu nennen. Es erm\u00f6glicht eine intelligente Koordination mobiler medizinischer Assistenzsysteme sowie eine optimale medizinische Patiententransportplanung unter Wahrung der Vertraulichkeit, ausgef\u00fchrt von Pflegern und Not\u00e4rzten zu Hause und unterwegs.<\/p>\n<p style=\"text-align: justify;\">Weitere Informationen \u00fcber AAL-Projekte, Aktivit\u00e4ten und Produkte des DFKI-ASR-Forschungsbereiches erteilt Ihnen Priv.-Doz. Dr. Matthias Klusch, E-Mail:\u00a0 klusch@dfki.de, Tel: 0681-857 75 5297.<\/p>\n<p style=\"text-align: justify;\"><strong>DFKI Forschungsbereich Erweiterte Realit\u00e4t<\/strong><\/p>\n<p style=\"text-align: justify;\">Die Forschungsinteressen im AAL-Bereich liegen im Forschungsbereich Erweiterte Realit\u00e4t in Kaiserslautern haupts\u00e4chlich im User- und Aktivit\u00e4tsmonitoring. Dies wird angewendet bei der \u00dcberwachung k\u00f6rperlicher Aktivit\u00e4ten \u00e4lterer Menschen im Rahmen des europ\u00e4ischen Forschungsprojektes PAMAP. Anhand dieser Information soll ein gesundes Ma\u00df an Aktivit\u00e4ten sichergestellt werden, die einen aktiven Lebensstil erm\u00f6glichen. Das Aktivit\u00e4tsmonitoring wird durchgef\u00fchrt mittels der Verwendung von Informationen, die von am K\u00f6rper angebrachten Minitiatur-Inertialsensoren geliefert werden sowie von fest installierten Einheiten, wie z.B. Kameras. Die St\u00e4rke der Erweiterten Realit\u00e4t liegt darin, High-Level-Informationen aus den vorher erhaltenen Low-Level-Sensormessungen abzuleiten, indem statistische Sensorfusionstechniken angewendet werden.<\/p>\n<p style=\"text-align: justify;\"><strong>DFKI Forschungsbereich Cyber-Physical Systems<\/strong><\/p>\n<p style=\"text-align: justify;\">Der Fokus der Forschung des Forschungsbereiches Cyber-Physical Systems im Bereich des AAL liegt auf dem Bremen Ambient Assisted Living Lab (BAALL).\u00a0 Das BAALL ist eine alters- und behindertengerechte Wohnung. Auf 60 m\u00b2 wurde eine entsprechende Wohnsituation geschaffen, die f\u00fcr zwei Personen zum Probewohnen ausgelegt ist. Das Ganze befindet sich in den Projektr\u00e4umen des Forschungsbereiches \u201eCyber-Physical Systems\u201c des Deutschen Forschungszentrums f\u00fcr K\u00fcnstliche Intelligenz am Standort Bremen im Cartesium. Entwickelt wurde das BAALL in Kooperation mit der Universit\u00e4t Bremen im EU-Projekt SHARE-it sowie im SFB\/TR8 Spatial Cognition der Deutschen Forschungsgemeinschaft (DFG). Unser Hauptfokus liegt auf der Mobilit\u00e4tsassistenz durch den Bremer \u201eIntelligenten Rollstuhl\u201c (Xeno, Otto Bock) und auf dem \u201eIntelligenten Walker\u201c. Rollstuhl und Rollator sind mit Sensorik und Aktorik erg\u00e4nzt, um den Nutzer beim sicheren Fahren (Bremsen, automatisches Ausweichen) und bei der Navigation zu bekannten Zielen zu unterst\u00fctzen. Bei Systemen zur Umgebungsassistenz wird die Erh\u00f6hung der Interoperabilit\u00e4t und Sicherheit untersucht. Ferner werden h\u00f6here Dienste zur Interaktion mit intelligenten Haushaltsger\u00e4ten und M\u00f6beln (K\u00fcchenzeile, K\u00fchlschrank, Schiebet\u00fcren, Kleiderschrank, Bett, \u2026) realisiert. Sowohl bei Systemen zur Mobilit\u00e4ts- als auch zur Umgebungsassistenz wird die nat\u00fcrliche Interaktion mit dem Nutzer gro\u00df geschrieben, realisiert durch Spezialger\u00e4te zur Kompensation spezieller Einschr\u00e4nkungen, vor allem aber durch die herausgehobene Bedeutung des gesprochenen Dialogs.<\/p>\n<p style=\"text-align: justify;\"><strong>DFKI Forschungsbereich Intelligente Benutzerschnittstellen<\/strong><\/p>\n<p style=\"text-align: justify;\">Im Forschungsbereich Intelligente Benutzerschnittstellen werden die Grundlagen multimodaler Mensch-Computer-Interaktion erarbeitet und personalisierte Dialogsysteme entwickelt, die Sprache, Gestik und Mimik mit physischer Interaktion verbinden. Dabei werden Benutzer-, Aufgaben- und Dom\u00e4nenmodelle verwendet, um das Dialogverhalten jeweils m\u00f6glichst nat\u00fcrlich und auch im Rahmen von Gruppendiskussionen oder lauten Umgebungen m\u00f6glichst robust zu gestalten. Durch die Integration virtueller Charaktere kann auch auf der Ausgabeseite emotionales und soziales Interaktionsverhalten realisiert werden. Einen Schwerpunkt bilden mobile Benutzerschnittstellen zu ortsbasierten und kontextsensitiven Diensten, insbesondere f\u00fcr die Verwendung in Fahrzeugen und beim Einkaufen sowie in Themenparks und Museen. Neben dem intelligenten Zugang zum Internet der Dienste und der Dinge im Rahmen des semantischen Webs wird auch der barrierefreie Zugang zu instrumentierten Umgebungen und zu vernetzten Welten f\u00fcr Senioren und Behinderte untersucht. Unsere Forschungsresultate wenden wir auch f\u00fcr innovative Sicherheitsl\u00f6sungen und selbstverteidigende Netzwerke an. Charakteristisch f\u00fcr diesen Forschungsbereich ist die interdisziplin\u00e4re Arbeitsweise, insbesondere die Zusammenarbeit von Informatikern, Computerlinguisten und kognitiven Psychologen sowie die empirische und ergonomische Evaluation von Dialogsystemen f\u00fcr gesprochene Sprache und die multimodalen Benutzerschnittstellen.<\/p>\n<p>&nbsp;<\/p>\n","protected":false},"excerpt":{"rendered":"<p>DFKI Forschungsbereich Agenten und Simulierte Realit\u00e4t (ASR) Die Hauptkompetenzen des DFKI-Forschungsbereiches ASR (Agenten und Simulierte Realit\u00e4t) im AAL-Bereich sind die innovative Integration semantischer Webdienste, die Koordination von Dienstleistungen und intelligente&#8230; <a href=\"https:\/\/ccaal.dfki.de\/de\/competences\">Read more &raquo;<\/a><\/p>\n","protected":false},"author":5,"featured_media":0,"parent":0,"menu_order":0,"comment_status":"closed","ping_status":"closed","template":"","meta":{"footnotes":""},"class_list":["post-1261","page","type-page","status-publish","hentry"],"translation":{"provider":"WPGlobus","version":"3.0.2","language":"de","enabled_languages":["en","de"],"languages":{"en":{"title":true,"content":true,"excerpt":false},"de":{"title":true,"content":true,"excerpt":false}}},"_links":{"self":[{"href":"https:\/\/ccaal.dfki.de\/de\/wp-json\/wp\/v2\/pages\/1261","targetHints":{"allow":["GET"]}}],"collection":[{"href":"https:\/\/ccaal.dfki.de\/de\/wp-json\/wp\/v2\/pages"}],"about":[{"href":"https:\/\/ccaal.dfki.de\/de\/wp-json\/wp\/v2\/types\/page"}],"author":[{"embeddable":true,"href":"https:\/\/ccaal.dfki.de\/de\/wp-json\/wp\/v2\/users\/5"}],"replies":[{"embeddable":true,"href":"https:\/\/ccaal.dfki.de\/de\/wp-json\/wp\/v2\/comments?post=1261"}],"version-history":[{"count":3,"href":"https:\/\/ccaal.dfki.de\/de\/wp-json\/wp\/v2\/pages\/1261\/revisions"}],"predecessor-version":[{"id":3285,"href":"https:\/\/ccaal.dfki.de\/de\/wp-json\/wp\/v2\/pages\/1261\/revisions\/3285"}],"wp:attachment":[{"href":"https:\/\/ccaal.dfki.de\/de\/wp-json\/wp\/v2\/media?parent=1261"}],"curies":[{"name":"wp","href":"https:\/\/api.w.org\/{rel}","templated":true}]}}