{"id":2,"date":"2015-02-19T04:39:32","date_gmt":"2015-02-19T04:39:33","guid":{"rendered":"http:\/\/localhost:8080\/wordpress-4.1.1\/wordpress\/?page_id=2"},"modified":"2022-04-19T14:27:25","modified_gmt":"2022-04-19T14:27:25","slug":"home","status":"publish","type":"page","link":"https:\/\/ccaal.dfki.de\/de\/","title":{"rendered":"Das Kompetenzzentrum f\u00fcr AAL am DFKI"},"content":{"rendered":"<p style=\"text-align: justify;\">Das Kompetenzzentrum Ambient Assisted Living (CCAAL) ist eine projekt- und forschungsbereichs\u00fcbergreifende virtuelle Organisation innerhalb des Deutschen Forschungszentrums f\u00fcr K\u00fcnstliche Intelligenz (DFKI), die Forschungs- und Entwicklungsaktivit\u00e4ten im Bereich Ambient Assisted Living (AAL) koordiniert und durchf\u00fchrt. Das CCAAL besteht seit 2009. Allgemein werden unter dem Begriff \u201eAmbient Assisted Living&#8220; alle Konzepte, Produkte und Dienstleistungen verstanden, die neue Technologien und soziales Umfeld miteinander verbinden und verbessern mit dem Ziel, die Lebensqualit\u00e4t f\u00fcr Menschen in allen Lebensabschnitten &#8211; nicht begrenzt auf Senioren und\/oder Behinderte &#8211; zu erh\u00f6hen. \u00dcbersetzen k\u00f6nnte man AAL am besten mit \u201eAltersgerechte Assistenzsysteme f\u00fcr ein gesundes und unabh\u00e4ngiges Leben&#8220; (Mehr dazu unter <a href=\"http:\/\/www.aal-deutschland.de\/\" target=\"_blank\" rel=\"noopener\">http:\/\/www.aal-deutschland.de\/<\/a>).<\/p>\n<p style=\"text-align: justify;\">Das CCAAL b\u00fcndelt AAL-relevante Kr\u00e4fte aus den DFKI Forschungsbereichen Kognitive Assistenzsysteme (COS), Cyber-Physical Systems (CPS), Agenten und Simulierte Realit\u00e4t (ASR), Wirtschaftsinformatik (IWi), Erweiterte Realit\u00e4t (AV), Wissensmanagement (KM) und dem Robotics Innovation Center (RIC) und kann damit auf eine hohe Bandbreite von Kompetenzen im Bereich AAL zur\u00fcckgreifen. Das CCAAL versteht sich als zentrale Anlaufstelle f\u00fcr Forschung, Entwicklung und Verbreitung von innovativen AAL-Technologien und deren Anwendungen in der Praxis; es unterst\u00fctzt technisch ausgereifte, kosteng\u00fcnstige und auf internationalen Standards basierende AAL-Technologien und Anwendungen. Treibende Kraft f\u00fcr Forschung und Entwicklung im Bereich AAL sind in erster Linie die Anwender der AAL-Technologie, die Gesellschaft und Gesch\u00e4ftspartner, wodurch eine holistische Ann\u00e4herung an den Themenkomplex AAL erfolgt.<\/p>\n<p style=\"text-align: justify;\">Auf lange Sicht ist es das Anliegen des CCAAL, eine zug\u00e4ngliche intelligente Umgebung jenseits des heutigen Entwicklungsstatus voranzutreiben, die auf standardbasierten offenen Architekturen und innovativen L\u00f6sungen aufbaut, sodass jeder ein sicheres, selbstst\u00e4ndiges Leben f\u00fchren und aktiv an der Gesellschaft teilnehmen kann. Das CCAAL erreicht dies durch die Kombination der relevanten Kompetenzen mit top-aktuellen Ergebnissen und Aktiva aus laufenden Projekten der beteiligten Forschungsbereiche am DFKI sowie seiner Partner.<\/p>\n<p style=\"text-align: justify;\"><strong>Standardisierung und Allianzen<\/strong><\/p>\n<p style=\"text-align: justify;\">CCAAL f\u00f6rdert die Anwendung und die Mitwirkung an Standardisierungsversuchen und die Mitwirkung bei internationalen Allianzen und Organisationen:<\/p>\n<p style=\"text-align: justify;\">das OpenURC-Konsortium<br \/>\nISO\/IEC 24752 Universal Remote Console &#8211; URC (&#8222;universelle Fernsteuerung&#8220;)<br \/>\nISO Project N442 (in ISO\/TC 37\/SC 4\/WG 2) Dialogue Act<\/p>\n<p style=\"text-align: justify;\"><strong>Forschungsthemen<\/strong><\/p>\n<p style=\"text-align: justify;\">Homecare-Roboter; e-Health; ethische Aspekte; benutzerzentriertes Design; Smart House; Architektur; Mobilit\u00e4ts-Support; Telemedizin; Sensorfusion; Aktivit\u00e4tsmodellierung; soziale Netzwerke; semantische Interoperabilit\u00e4t; virtuelle Realit\u00e4t, duale Realit\u00e4t; Korpus; Barrierefreiheit; Intelligente M\u00f6bel.<\/p>\n<p>&nbsp;<\/p>\n","protected":false},"excerpt":{"rendered":"<p>Das Kompetenzzentrum Ambient Assisted Living (CCAAL) ist eine projekt- und forschungsbereichs\u00fcbergreifende virtuelle Organisation innerhalb des Deutschen Forschungszentrums f\u00fcr K\u00fcnstliche Intelligenz (DFKI), die Forschungs- und Entwicklungsaktivit\u00e4ten im Bereich Ambient Assisted Living&#8230; <a href=\"https:\/\/ccaal.dfki.de\/de\/\">Read more &raquo;<\/a><\/p>\n","protected":false},"author":9,"featured_media":0,"parent":0,"menu_order":0,"comment_status":"closed","ping_status":"closed","template":"","meta":{"footnotes":""},"class_list":["post-2","page","type-page","status-publish","hentry"],"translation":{"provider":"WPGlobus","version":"3.0.2","language":"de","enabled_languages":["en","de"],"languages":{"en":{"title":true,"content":true,"excerpt":false},"de":{"title":true,"content":true,"excerpt":false}}},"_links":{"self":[{"href":"https:\/\/ccaal.dfki.de\/de\/wp-json\/wp\/v2\/pages\/2","targetHints":{"allow":["GET"]}}],"collection":[{"href":"https:\/\/ccaal.dfki.de\/de\/wp-json\/wp\/v2\/pages"}],"about":[{"href":"https:\/\/ccaal.dfki.de\/de\/wp-json\/wp\/v2\/types\/page"}],"author":[{"embeddable":true,"href":"https:\/\/ccaal.dfki.de\/de\/wp-json\/wp\/v2\/users\/9"}],"replies":[{"embeddable":true,"href":"https:\/\/ccaal.dfki.de\/de\/wp-json\/wp\/v2\/comments?post=2"}],"version-history":[{"count":10,"href":"https:\/\/ccaal.dfki.de\/de\/wp-json\/wp\/v2\/pages\/2\/revisions"}],"predecessor-version":[{"id":3284,"href":"https:\/\/ccaal.dfki.de\/de\/wp-json\/wp\/v2\/pages\/2\/revisions\/3284"}],"wp:attachment":[{"href":"https:\/\/ccaal.dfki.de\/de\/wp-json\/wp\/v2\/media?parent=2"}],"curies":[{"name":"wp","href":"https:\/\/api.w.org\/{rel}","templated":true}]}}