{"id":2041,"date":"2016-10-18T11:13:44","date_gmt":"2016-10-18T11:13:44","guid":{"rendered":"http:\/\/ccaal.dfki.de\/?page_id=2041"},"modified":"2018-03-12T11:44:23","modified_gmt":"2018-03-12T11:44:23","slug":"awards","status":"publish","type":"page","link":"https:\/\/ccaal.dfki.de\/de\/projekte\/awards","title":{"rendered":"Auszeichnungen"},"content":{"rendered":"<ol>\n<li><strong>7th International Conference on Intelligent Environments, 2011<\/strong>: Auszeichnung der Projekte SemProM (Semantic Product Memory) und Smart Senior f\u00fcr den besten Videobeitrag und die beste Demo.<\/li>\n<li><strong>Ausgezeichnete Orte im Land der Ideen, 2013\/14<\/strong>: Das Projekt Mobia &#8211; Mobil bis ins Alter wird im Rahmen der Bundesinitiative &#8222;Ideen finden Stadt&#8220; von der Deutschen Bank und der Initiative &#8222;Deutschland &#8211; Land der Ideen&#8220; ausgezeichnet. Mehr Informationen gibt es <a href=\"https:\/\/www.land-der-ideen.de\/ausgezeichnete-orte\/preistraeger\/mobia-mobil-bis-ins-alter\" target=\"_blank\" rel=\"noopener\">hier.<\/a><\/li>\n<li><strong>Alterspreis der Robert-Bosch-Stiftung, 2015<\/strong>: Das Mobia Projekt gewinnt den Hauptpreis unter dem Motto &#8222;Ideen im Alter. Ideen f\u00fcrs Alter.&#8220; f\u00fcr den Aufbau eines barrierefreien \u00d6PNV mit Unterst\u00fctzung f\u00fcr \u00e4ltere und mobilit\u00e4tseingeschr\u00e4nkte Menschen. Mehr Informationen finden Sie <a href=\"http:\/\/www.bosch-stiftung.de\/content\/language1\/html\/64428.asp\">hier.<\/a><\/li>\n<li><strong>Maintainer Award, 2016<\/strong>: Die Berliner Verkehrsbetriebe werden mit dem Projekt PLuTO (Portable Lern- und Wissensplattform zum Transfer episodischen Wissens in Organisationen) auf dem Instandhaltungsprozess MAINDAYS zum &#8222;Instandhalter des Jahres 2016&#8220; gek\u00fcrt. Mehr Informationen gibt es <a href=\"http:\/\/www.condat.de\/maintaineraward\/\">hier. <\/a><\/li>\n<\/ol>\n<p>&nbsp;<\/p>\n","protected":false},"excerpt":{"rendered":"<p>7th International Conference on Intelligent Environments, 2011: Auszeichnung der Projekte SemProM (Semantic Product Memory) und Smart Senior f\u00fcr den besten Videobeitrag und die beste Demo. Ausgezeichnete Orte im Land der&#8230; <a href=\"https:\/\/ccaal.dfki.de\/de\/projekte\/awards\">Read more &raquo;<\/a><\/p>\n","protected":false},"author":17,"featured_media":0,"parent":37,"menu_order":0,"comment_status":"closed","ping_status":"closed","template":"","meta":{"footnotes":""},"class_list":["post-2041","page","type-page","status-publish","hentry"],"translation":{"provider":"WPGlobus","version":"3.0.2","language":"de","enabled_languages":["en","de"],"languages":{"en":{"title":true,"content":true,"excerpt":false},"de":{"title":true,"content":true,"excerpt":false}}},"_links":{"self":[{"href":"https:\/\/ccaal.dfki.de\/de\/wp-json\/wp\/v2\/pages\/2041","targetHints":{"allow":["GET"]}}],"collection":[{"href":"https:\/\/ccaal.dfki.de\/de\/wp-json\/wp\/v2\/pages"}],"about":[{"href":"https:\/\/ccaal.dfki.de\/de\/wp-json\/wp\/v2\/types\/page"}],"author":[{"embeddable":true,"href":"https:\/\/ccaal.dfki.de\/de\/wp-json\/wp\/v2\/users\/17"}],"replies":[{"embeddable":true,"href":"https:\/\/ccaal.dfki.de\/de\/wp-json\/wp\/v2\/comments?post=2041"}],"version-history":[{"count":26,"href":"https:\/\/ccaal.dfki.de\/de\/wp-json\/wp\/v2\/pages\/2041\/revisions"}],"predecessor-version":[{"id":3283,"href":"https:\/\/ccaal.dfki.de\/de\/wp-json\/wp\/v2\/pages\/2041\/revisions\/3283"}],"up":[{"embeddable":true,"href":"https:\/\/ccaal.dfki.de\/de\/wp-json\/wp\/v2\/pages\/37"}],"wp:attachment":[{"href":"https:\/\/ccaal.dfki.de\/de\/wp-json\/wp\/v2\/media?parent=2041"}],"curies":[{"name":"wp","href":"https:\/\/api.w.org\/{rel}","templated":true}]}}