{"id":2886,"date":"2018-05-22T13:34:09","date_gmt":"2018-05-22T13:34:09","guid":{"rendered":"http:\/\/ccaal.dfki.de\/?page_id=2886"},"modified":"2022-09-07T08:46:35","modified_gmt":"2022-09-07T08:46:35","slug":"legal-information","status":"publish","type":"page","link":"https:\/\/ccaal.dfki.de\/de\/contact\/legal-information","title":{"rendered":"Impressum"},"content":{"rendered":"<p><b>IMPRESSUM<\/b><\/p>\n<p><b>Verantwortlicher Dienstanbieter<\/b><br \/>\nF\u00fcr die Inhalte der Domain ccaal.dfki.de ist aus Sicht des \u00a7 5 TMG verantwortlich:<\/p>\n<p><b>Deutsches Forschungszentrum f\u00fcr K\u00fcnstliche Intelligenz GmbH (DFKI)<\/b><br \/>\nGesch\u00e4ftsf\u00fchrung:<br \/>\nProf. Dr. Antonio Kr\u00fcger<br \/>\nHelmut Ditzer<br \/>\nTrippstadter Str. 122<br \/>\n67663 Kaiserslautern<br \/>\nTel.: +49 631 20575 0<br \/>\nFax: +49 631 20575 5030<br \/>\nEmail: info@dfki.de<br \/>\nWebadresse: www.dfki.de<\/p>\n<p>Registergericht: Amtsgericht Kaiserslautern<br \/>\nRegisternummer: HRB 2313<\/p>\n<p>ID-Nummer: DE 148 646 973<\/p>\n<p><b><br \/>\nRedaktionsverantwortliche\/r<\/b><br \/>\nRedaktionsverantwortliche\/r f\u00fcr die Domain ccaal.dfki.de der Deutsches Forschungszentrum f\u00fcr K\u00fcnstliche Intelligenz GmbH (DFKI) auf der Domain im Sinne von \u00a7 18 Abs. 2 MStV ist:<\/p>\n<p>Koordinator:<br \/>\nDr. Jan Alexandersson<br \/>\nStuhlsatzenhausweg 3<br \/>\nSaarland Informatics Campus D 3.2<br \/>\nTelefon: +49 (0) 681 85775 0<br \/>\nEmail: ccaal@dfki.de<\/p>\n<p><b>Rechtliche Hinweise zur Haftung f\u00fcr eigene Inhalte<\/b><br \/>\nDie Deutsches Forschungszentrum f\u00fcr K\u00fcnstliche Intelligenz GmbH (DFKI) ist als Inhaltsanbieterin gem\u00e4\u00df \u00a7 7 Abs. 1 Telemediengesetz (TMG) f\u00fcr die eigenen Inhalte, die zur Nutzung bereitgehalten werden, nach den allgemeinen Gesetzen verantwortlich. Das DFKI ist um Korrektheit und Aktualit\u00e4t der auf dieser Internetpr\u00e4senz bereitgestellten Informationen bem\u00fcht. Dennoch ist ein vollst\u00e4ndiger Ausschluss von Fehlern und Unklarheiten nicht m\u00f6glich. Das DFKI \u00fcbernimmt daher keine Gew\u00e4hr f\u00fcr die Aktualit\u00e4t, Korrektheit, Vollst\u00e4ndigkeit oder Qualit\u00e4t der bereitgestellten Informationen. F\u00fcr Sch\u00e4den materieller oder ideeller Art, die durch die Nutzung oder Nichtnutzung der dargebotenen Informationen resp. durch die Nutzung fehlerhafter und unvollst\u00e4ndiger Informationen unmittelbar oder mittelbar verursacht werden, haftet das DFKI nicht, sofern nicht nachweislich vors\u00e4tzliches oder grob fahrl\u00e4ssiges Verschulden vorliegt. Dies bezieht sich auch auf f\u00fcr zum Download bereitgestellte Software oder Daten. Dem DFKI ist es vorbehalten, Teile des Internetangebots oder das gesamte Angebot ohne gesonderte Ank\u00fcndigung zu ver\u00e4ndern, zu erg\u00e4nzen, zu l\u00f6schen oder die Ver\u00f6ffentlichung zeitweise oder endg\u00fcltig einzustellen.<\/p>\n<p><b><br \/>\nRechtliche Hinweise f\u00fcr Verweise auf externe Webseiten<\/b><br \/>\nAls Diensteanbieter sind wir gem\u00e4\u00df \u00a7 7 Abs.1 TMG f\u00fcr eigene Inhalte auf diesen Seiten nach den allgemeinen Gesetzen verantwortlich. Nach \u00a7\u00a7 8 bis 10 TMG sind wir als Diensteanbieter jedoch nicht verpflichtet, \u00fcbermittelte oder gespeicherte fremde Informationen zu \u00fcberwachen oder nach Umst\u00e4nden zu forschen, die auf eine rechtswidrige T\u00e4tigkeit hinweisen. Verpflichtungen zur Entfernung oder Sperrung der Nutzung von Informationen nach den allgemeinen Gesetzen bleiben hiervon unber\u00fchrt. Eine diesbez\u00fcgliche Haftung ist jedoch erst ab dem Zeitpunkt der Kenntnis einer konkreten Rechtsverletzung m\u00f6glich. Bei Bekanntwerden von entsprechenden Rechtsverletzungen werden wir diese Inhalte umgehend entfernen. Unser Angebot enth\u00e4lt Links zu externen Webseiten Dritter. F\u00fcr diese Inhalte der verlinkten externen Seiten ist stets der jeweilige Anbieter verantwortlich. F\u00fcr die Inhalte der verlinkten Seiten k\u00f6nnen wir keine Gew\u00e4hr \u00fcbernehmen. Diese fremden Inhalte wurden vonseiten des DFKI bei der erstmaligen Link-Setzung daraufhin \u00fcberpr\u00fcft, ob etwaige Rechtsverst\u00f6\u00dfe bestehen. Zum Zeitpunkt der \u00dcberpr\u00fcfung waren keine Rechtsverst\u00f6\u00dfe ersichtlich. Es ist jedoch nicht auszuschlie\u00dfen, dass die Inhalte im Nachhinein von den jeweiligen Anbietern ver\u00e4ndert werden. Eine permanente inhaltliche Kontrolle der verlinkten Seiten ist jedoch ohne Anhaltspunkte einer Rechtsverletzung nicht zumutbar. Sollten Sie der Ansicht sein, dass die verlinkten externen Seiten gegen geltendes Recht versto\u00dfen oder sonst unangemessene Inhalte haben, so teilen Sie uns dies bitte direkt an: info@dfki.de mit. Sollte das DFKI feststellen oder einen Hinweis darauf erhalten, dass ein externes Angebot, auf das es verlinkt hat, eine zivil- oder strafrechtliche Verantwortlichkeit ausl\u00f6st, wird das DFKI den Link auf dieses Angebot unverz\u00fcglich aufheben.<\/p>\n<p><b><br \/>\nRechtliche Hinweise zum Urheberrecht<\/b><br \/>\nDas Layout der Homepage, die verwendeten Grafiken sowie die sonstigen Inhalte der Internetpr\u00e4senz des DFKI sind urheberrechtlich gesch\u00fctzt. Die Vervielf\u00e4ltigung, Bearbeitung, Verbreitung und jedwede Art der Verwertung au\u00dferhalb der Grenzen des Urheberrechtes bed\u00fcrfen der Zustimmung des DFKI (in Schriftform). Soweit die Inhalte auf dieser Seite nicht von DFKI erstellt wurden, werden die Urheberrechte Dritter beachtet. Sollten Sie dennoch auf eine Urheberrechtsverletzung aufmerksam werden, bitten wir um einen entsprechenden Hinweis. Bei Bekanntwerden von Rechtsverletzungen, wird DFKI derartige Inhalte umgehend entfernen.<\/p>\n","protected":false},"excerpt":{"rendered":"<p>IMPRESSUM Verantwortlicher Dienstanbieter F\u00fcr die Inhalte der Domain ccaal.dfki.de ist aus Sicht des \u00a7 5 TMG verantwortlich: Deutsches Forschungszentrum f\u00fcr K\u00fcnstliche Intelligenz GmbH (DFKI) Gesch\u00e4ftsf\u00fchrung: Prof. Dr. Antonio Kr\u00fcger Helmut&#8230; <a href=\"https:\/\/ccaal.dfki.de\/de\/contact\/legal-information\">Read more &raquo;<\/a><\/p>\n","protected":false},"author":9,"featured_media":0,"parent":1025,"menu_order":0,"comment_status":"closed","ping_status":"closed","template":"","meta":{"footnotes":""},"class_list":["post-2886","page","type-page","status-publish","hentry"],"translation":{"provider":"WPGlobus","version":"3.0.2","language":"de","enabled_languages":["en","de"],"languages":{"en":{"title":true,"content":true,"excerpt":false},"de":{"title":true,"content":true,"excerpt":false}}},"_links":{"self":[{"href":"https:\/\/ccaal.dfki.de\/de\/wp-json\/wp\/v2\/pages\/2886","targetHints":{"allow":["GET"]}}],"collection":[{"href":"https:\/\/ccaal.dfki.de\/de\/wp-json\/wp\/v2\/pages"}],"about":[{"href":"https:\/\/ccaal.dfki.de\/de\/wp-json\/wp\/v2\/types\/page"}],"author":[{"embeddable":true,"href":"https:\/\/ccaal.dfki.de\/de\/wp-json\/wp\/v2\/users\/9"}],"replies":[{"embeddable":true,"href":"https:\/\/ccaal.dfki.de\/de\/wp-json\/wp\/v2\/comments?post=2886"}],"version-history":[{"count":15,"href":"https:\/\/ccaal.dfki.de\/de\/wp-json\/wp\/v2\/pages\/2886\/revisions"}],"predecessor-version":[{"id":3410,"href":"https:\/\/ccaal.dfki.de\/de\/wp-json\/wp\/v2\/pages\/2886\/revisions\/3410"}],"up":[{"embeddable":true,"href":"https:\/\/ccaal.dfki.de\/de\/wp-json\/wp\/v2\/pages\/1025"}],"wp:attachment":[{"href":"https:\/\/ccaal.dfki.de\/de\/wp-json\/wp\/v2\/media?parent=2886"}],"curies":[{"name":"wp","href":"https:\/\/api.w.org\/{rel}","templated":true}]}}