{"id":2892,"date":"2018-05-22T13:46:10","date_gmt":"2018-05-22T13:46:10","guid":{"rendered":"http:\/\/ccaal.dfki.de\/?page_id=2892"},"modified":"2022-08-23T08:23:16","modified_gmt":"2022-08-23T08:23:16","slug":"data-protection-notice","status":"publish","type":"page","link":"https:\/\/ccaal.dfki.de\/de\/contact\/data-protection-notice","title":{"rendered":"Datenschutzerkl\u00e4rung"},"content":{"rendered":"<div class=\"element\">\n<div id=\"c640\" class=\"frame frame-default frame-type-text frame-layout-0\">\n<header>\n<h1 class=\"\">DATENSCHUTZ<\/h1>\n<\/header>\n<p>Das DFKI (Deutsches Forschungszentrum f\u00fcr K\u00fcnstliche Intelligenz GmbH) und seine Mitarbeiter\/-innen setzen sich ziel- und risikoorientiert f\u00fcr die informationelle Selbstbestimmung und das Grundrecht auf Schutz personenbezogener Daten ein. In dieser Datenschutzerkl\u00e4rung informieren wir Sie \u00fcber die Verarbeitung Ihrer personenbezogenen Daten bei Besuch und Benutzung unserer Webseite.<\/p>\n<h2>Verantwortlicher<\/h2>\n<p>Deutsches Forschungszentrum f\u00fcr K\u00fcnstliche Intelligenz GmbH (DFKI)<br \/>\nTel.: +49 631 20575 0;\u00a0<a class=\"email-link\" href=\"mailto:info@dfki.de\">info@dfki.de<\/a>;\u00a0<a href=\"https:\/\/ccaal.dfki.de\/de\/contact\/legal-information\">Impressum<\/a><\/p>\n<h2>Datenschutzbeauftragter<\/h2>\n<p>Tel.: +49 631 20575 0;\u00a0<a class=\"email-link\" href=\"mailto:datenschutz@dfki.de\">datenschutz@dfki.de<\/a><\/p>\n<h2>Zweck der Verarbeitung<\/h2>\n<ul>\n<li>Bereitstellung des Informationsangebotes im Rahmen der \u00d6ffentlichkeitsarbeit des DFKI<\/li>\n<li>Kontaktaufnahme und Korrespondenz mit Besuchern und Benutzern<\/li>\n<\/ul>\n<h2>Anonyme und gesch\u00fctzte Benutzung<\/h2>\n<p>Der Besuch und die Benutzung unserer Webseite sind anonym. Personenbezogene Daten werden auf unserer Webseite nur im technisch notwendigen Umfang erhoben. Die verarbeiteten personenbezogenen Daten werden au\u00dfer aufgrund konkreter gesetzlicher Verpflichtungen nicht an Dritte \u00fcbermittelt oder in anderer Weise offengelegt. Wir binden innerhalb unseres Informationsangebots keine Inhalts- oder Serviceangebote von Drittanbietern ein.<\/p>\n<p>Bei der Benutzung unserer Webseite ist die Daten\u00fcbertragung im Internet durch ein als sicher anerkanntes Verschl\u00fcsselungsverfahren gegen Kenntnisnahme Dritter gesch\u00fctzt und kann somit nicht auf einfache Weise beobachtet oder verf\u00e4lscht werden kann.<\/p>\n<h2>Zugriffsdaten<\/h2>\n<p>Bei jedem Zugriff auf unsere Webseite werden Nutzungs-, Verkehrs- und Verbindungsdaten erhoben, vor\u00fcbergehend in einer Protokolldatei gespeichert und regelm\u00e4\u00df nach 90 Tagen gel\u00f6scht.<\/p>\n<p>\u00dcber jeden Zugriff\/Abruf werden folgende Daten gespeichert:<\/p>\n<ul>\n<li>IP-Adresse<\/li>\n<li>\u00fcbermittelte User-Agent Information (insb. Typ\/Version von Webbrowser, Betriebssystem, usw.)<\/li>\n<li>\u00fcbermittelte Referrer Information (URL der verweisenden Seite)<\/li>\n<li>Datum und Uhrzeit des Zugriffs\/Abrufs<\/li>\n<li>\u00fcbermittelte Zugriffsmethode\/Funktion<\/li>\n<li>\u00fcbermittelte Eingabewerte (Suchbegriffe, usw.)<\/li>\n<li>aufgerufene Seite bzw. abgerufene Datei<\/li>\n<li>\u00fcbertragene Datenmenge<\/li>\n<li>Status der Verarbeitung des Zugriffs\/Abrufs<\/li>\n<\/ul>\n<p>Die Verarbeitung der Zugriffsdaten ist rechtm\u00e4\u00dfig, weil sie zur Wahrung berechtigter Interessen des DFKI erforderlich ist. Die berechtigten Interessen des DFKI sind die Anpassung und Optimierung des Informationsangebots und die Ermittlung, Aufdeckung von Verfolgung von rechtswidrigen Handlungen im Zusammenhang mit der Benutzung der Webseite.<\/p>\n<p>Die gespeicherten Datens\u00e4tze k\u00f6nnen statistisch ausgewertet werden, um unser Informationsangebot an die Bed\u00fcrfnisse unserer Besucher anpassen und optimieren zu k\u00f6nnen. Techniken, die es erm\u00f6glichen, das Zugriffsverhalten der Benutzer nachzuvollziehen (Tracking), werden nicht eingesetzt. Die Erstellung von Benutzerprofilen und eine darauf beruhende automatisierte Entscheidungsfindung ist ausgeschlossen.<\/p>\n<p>Die gespeicherten Datens\u00e4tze sind nicht bestimmten Personen zuordenbar. Eine Zusammenf\u00fchrung mit anderen Datenquellen wird grunds\u00e4tzlich nicht vorgenommen. Die gespeicherten Daten k\u00f6nnen jedoch gepr\u00fcft und mit anderen Datenquellen zusammengef\u00fchrt werden, wenn uns konkrete Anhaltspunkte f\u00fcr eine rechtswidrige Benutzung bekannt werden.<\/p>\n<h2>Cookies<\/h2>\n<p>Auf unserer Webseite verwenden wir sogenannte Cookies. Cookies sind kleine Dateien, die von Ihrem Webbrowser gespeichert werden. Die auf unserer Webseite verwendeten Cookies richten auf Ihrem Rechner keinen Schaden an und enthalten keine Schadsoftware. Sie erm\u00f6glichen eine benutzerfreundliche und effektive Nutzung unserer Webseite. Wir verwenden Cookies nicht f\u00fcr Werbezwecke.<\/p>\n<p>Wir \u00fcbertragen an Ihren Webbrowser tempor\u00e4re Session Cookies. Sie sind nur f\u00fcr die Dauer Ihres Besuches auf unserer Webseite g\u00fcltig und sie haben au\u00dferhalb unserer Webseite keine Bedeutung. Die tempor\u00e4ren Cookies werden verwendet, um Ihre Sitzung w\u00e4hrend Ihres Besuches mit einer eindeutigen Nummer zu identifizieren und unsere Inhalte in der von Ihnen bevorzugten Sprache zu \u00fcbertragen. Nach Ende Ihres Besuches k\u00f6nnen Sie die Session Cookies durch Beendigung Ihres Webbrowsers l\u00f6schen.<\/p>\n<p>Wir \u00fcbertragen an Ihren Webbrowser auch permanente Cookies mit einer G\u00fcltigkeitsdauer von h\u00f6chstens 365 Tagen. Wir verwenden diese Cookies ausschlie\u00dflich dazu, bei Ihrem n\u00e4chsten Besuch unserer Webseite Ihre Einstellungen f\u00fcr die Art der Darstellung (normal, invertiert) und f\u00fcr die Schriftgr\u00f6\u00dfe zu beachten. Weiterhin wird vermerkt, ob Sie die Information \u00fcber die Verwendung von Cookies in Ihrem Webbrowser zur Kenntnis genommen haben.<\/p>\n<p>Sie k\u00f6nnen Ihren Webbrowser so einstellen, dass Sie \u00fcber das Setzen von Cookies informiert werden und Cookies nur im Einzelfall erlauben bzw. die Annahme von Cookies f\u00fcr bestimmte F\u00e4lle oder generell ausschlie\u00dfen. Bereits gespeicherte Cookies k\u00f6nnen Sie in den Einstellungen Ihres Webbrowsers l\u00f6schen. Sie k\u00f6nnen auch das automatische L\u00f6schen von Cookies beim Beenden Ihres Webbrowsers einstellen. Bei der Deaktivierung von Cookies kann die Funktionalit\u00e4t unserer Webseite eingeschr\u00e4nkt sein. In jedem Fall steht unser Informationsangebot in seinem vollem Umfang zur Verf\u00fcgung.<\/p>\n<h2>Social Media<\/h2>\n<p>Wir betten keine Social Media Plugins in unserer Webseite ein. Wenn Sie unsere Webseite besuchen, werden daher keine Daten an Social Media Services \u00fcbermittelt. Eine Profilbildung durch Dritte ist somit ausgeschlossen. Sie haben jedoch die M\u00f6glichkeit, direkt zu unseren Informationsangeboten auf Facebook, Twitter und YouTube zu wechseln. F\u00fcr die Benutzung dieser Dienste verweisen wir auf die Gesch\u00e4ftsbedingungen und die Datenschutzbestimmungen der jeweiligen Betreiber. Wir verarbeiten Ihre personenbezogene Daten innerhalb der sozialen Netzwerke soweit Sie Beitr\u00e4ge einstellen, Nachrichten versenden oder auf andere Weise mit uns kommunizieren.<\/p>\n<\/div>\n<\/div>\n<div class=\"element\">\n<div id=\"c2008\" class=\"frame frame-default frame-type-text frame-layout-0\">\n<h2>Korrespondenz<\/h2>\n<p>Sie haben die M\u00f6glichkeit, uns per E-Mail zu kontaktieren. Ihre E-Mail-Adresse und andere personenbezogene Kontaktdaten verwenden wir f\u00fcr die Korrespondenz mit Ihnen. Aufgrund gesetzlicher Verpflichtung wird jede E-Mail-Korrespondenz archiviert. Soweit zur Wahrung unserer berechtigten Interessen erforderlich, k\u00f6nnen Ihre E-Mail-Adresse und andere personenbezogene Kontaktdaten aus der Korrespondenz in unserer Kontaktdatenbank gespeichert werden. In diesem Fall werden Sie eine entsprechende Information \u00fcber die Verarbeitung Ihrer Kontaktdaten erhalten.<\/p>\n<h2>Auskunft und Intervention<\/h2>\n<p>Neben der Information in dieser Datenschutzerkl\u00e4rung haben Sie das Recht auf Auskunft \u00fcber Ihre personenbezogenen Daten. Zur Gew\u00e4hrleistung einer fairen Verarbeitung bestehen f\u00fcr Sie die folgenden Interventionsrechte:<\/p>\n<ul>\n<li>Das Recht auf Berichtigung und Vervollst\u00e4ndigung Ihrer personenbezogenen Daten<\/li>\n<li>Das Recht auf L\u00f6schung Ihrer personenbezogenen Daten<\/li>\n<li>Das Recht auf Einschr\u00e4nkung der Verarbeitung Ihrer personenbezogenen Daten<\/li>\n<li>Das Recht auf Widerspruch gegen die Verarbeitung Ihrer personenbezogenen Daten aus Gr\u00fcnden Ihrer besonderen Situation<\/li>\n<\/ul>\n<p>F\u00fcr die Aus\u00fcbung Ihrer Rechte wenden Sie sich bitte an unseren Datenschutzbeauftragten.<\/p>\n<h2>Recht auf Beschwerde<\/h2>\n<p>Sie haben das Recht auf Beschwerde bei einer Aufsichtsbeh\u00f6rde, wenn Sie der Ansicht sind, dass die Verarbeitung Ihrer personenbezogenen Daten gegen gesetzliche Datenschutzvorschriften verst\u00f6\u00dft.<\/p>\n<\/div>\n<\/div>\n","protected":false},"excerpt":{"rendered":"<p>DATENSCHUTZ Das DFKI (Deutsches Forschungszentrum f\u00fcr K\u00fcnstliche Intelligenz GmbH) und seine Mitarbeiter\/-innen setzen sich ziel- und risikoorientiert f\u00fcr die informationelle Selbstbestimmung und das Grundrecht auf Schutz personenbezogener Daten ein. In&#8230; <a href=\"https:\/\/ccaal.dfki.de\/de\/contact\/data-protection-notice\">Read more &raquo;<\/a><\/p>\n","protected":false},"author":9,"featured_media":0,"parent":1025,"menu_order":0,"comment_status":"closed","ping_status":"closed","template":"","meta":{"footnotes":""},"class_list":["post-2892","page","type-page","status-publish","hentry"],"translation":{"provider":"WPGlobus","version":"3.0.2","language":"de","enabled_languages":["en","de"],"languages":{"en":{"title":true,"content":true,"excerpt":false},"de":{"title":true,"content":true,"excerpt":false}}},"_links":{"self":[{"href":"https:\/\/ccaal.dfki.de\/de\/wp-json\/wp\/v2\/pages\/2892","targetHints":{"allow":["GET"]}}],"collection":[{"href":"https:\/\/ccaal.dfki.de\/de\/wp-json\/wp\/v2\/pages"}],"about":[{"href":"https:\/\/ccaal.dfki.de\/de\/wp-json\/wp\/v2\/types\/page"}],"author":[{"embeddable":true,"href":"https:\/\/ccaal.dfki.de\/de\/wp-json\/wp\/v2\/users\/9"}],"replies":[{"embeddable":true,"href":"https:\/\/ccaal.dfki.de\/de\/wp-json\/wp\/v2\/comments?post=2892"}],"version-history":[{"count":14,"href":"https:\/\/ccaal.dfki.de\/de\/wp-json\/wp\/v2\/pages\/2892\/revisions"}],"predecessor-version":[{"id":3267,"href":"https:\/\/ccaal.dfki.de\/de\/wp-json\/wp\/v2\/pages\/2892\/revisions\/3267"}],"up":[{"embeddable":true,"href":"https:\/\/ccaal.dfki.de\/de\/wp-json\/wp\/v2\/pages\/1025"}],"wp:attachment":[{"href":"https:\/\/ccaal.dfki.de\/de\/wp-json\/wp\/v2\/media?parent=2892"}],"curies":[{"name":"wp","href":"https:\/\/api.w.org\/{rel}","templated":true}]}}